{"id":29674,"date":"2023-12-23T00:00:26","date_gmt":"2023-12-22T21:00:26","guid":{"rendered":"http:\/\/eryilmazlargroup.com.tr\/?page_id=29674"},"modified":"2024-01-09T21:40:33","modified_gmt":"2024-01-09T18:40:33","slug":"uretim","status":"publish","type":"page","link":"https:\/\/eryilmazlargroup.com.tr\/en\/uretim\/","title":{"rendered":"Production"},"content":{"rendered":"\t\t<div data-elementor-type=\"wp-page\" data-elementor-id=\"29674\" class=\"elementor elementor-29674\" data-elementor-post-type=\"page\">\n\t\t\t\t\t\t\t\t\t<section data-particle_enable=\"false\" data-particle-mobile-disabled=\"false\" class=\"elementor-section elementor-top-section elementor-element elementor-element-ecb1a9e elementor-section-height-min-height elementor-reverse-tablet elementor-reverse-mobile elementor-section-items-bottom elementor-section-boxed elementor-section-height-default\" data-id=\"ecb1a9e\" data-element_type=\"section\" data-settings=\"{&quot;background_background&quot;:&quot;classic&quot;}\">\n\t\t\t\t\t\t\t<div class=\"elementor-background-overlay\"><\/div>\n\t\t\t\t\t\t\t<div class=\"elementor-container elementor-column-gap-custom\">\n\t\t\t\t\t<div class=\"elementor-column elementor-col-100 elementor-top-column elementor-element elementor-element-4caa392\" data-id=\"4caa392\" data-element_type=\"column\" data-settings=\"{&quot;animation&quot;:&quot;none&quot;,&quot;animation_delay&quot;:500,&quot;background_background&quot;:&quot;classic&quot;}\">\n\t\t\t<div class=\"elementor-widget-wrap elementor-element-populated\">\n\t\t\t\t\t\t\t\t<section data-particle_enable=\"false\" data-particle-mobile-disabled=\"false\" class=\"elementor-section elementor-inner-section elementor-element elementor-element-4a242fd elementor-section-full_width elementor-section-height-default elementor-section-height-default\" data-id=\"4a242fd\" data-element_type=\"section\">\n\t\t\t\t\t\t<div class=\"elementor-container elementor-column-gap-default\">\n\t\t\t\t\t<div class=\"elementor-column elementor-col-50 elementor-inner-column elementor-element elementor-element-6d8834d\" data-id=\"6d8834d\" data-element_type=\"column\">\n\t\t\t<div class=\"elementor-widget-wrap elementor-element-populated\">\n\t\t\t\t\t\t\t\t<div class=\"elementor-element elementor-element-ffde2e2 elementor-widget__width-auto elementor-widget elementor-widget-text-editor\" data-id=\"ffde2e2\" data-element_type=\"widget\" data-widget_type=\"text-editor.default\">\n\t\t\t\t<div class=\"elementor-widget-container\">\n\t\t\t<style>\/*! elementor - v3.18.0 - 08-12-2023 *\/\n.elementor-widget-text-editor.elementor-drop-cap-view-stacked .elementor-drop-cap{background-color:#69727d;color:#fff}.elementor-widget-text-editor.elementor-drop-cap-view-framed .elementor-drop-cap{color:#69727d;border:3px solid;background-color:transparent}.elementor-widget-text-editor:not(.elementor-drop-cap-view-default) .elementor-drop-cap{margin-top:8px}.elementor-widget-text-editor:not(.elementor-drop-cap-view-default) .elementor-drop-cap-letter{width:1em;height:1em}.elementor-widget-text-editor .elementor-drop-cap{float:left;text-align:center;line-height:1;font-size:50px}.elementor-widget-text-editor .elementor-drop-cap-letter{display:inline-block}<\/style>\t\t\t\t<p>\u00dcretim<\/p>\t\t\t\t\t\t<\/div>\n\t\t\t\t<\/div>\n\t\t\t\t<div class=\"elementor-element elementor-element-36b0d22 elementor-widget elementor-widget-text-editor\" data-id=\"36b0d22\" data-element_type=\"widget\" data-widget_type=\"text-editor.default\">\n\t\t\t\t<div class=\"elementor-widget-container\">\n\t\t\t\t\t\t\t<p>Y\u00fcksek Kaliteli \u00dcr\u00fcnler \u00dcretiyoruz.<\/p>\t\t\t\t\t\t<\/div>\n\t\t\t\t<\/div>\n\t\t\t\t\t<\/div>\n\t\t<\/div>\n\t\t\t\t<div class=\"elementor-column elementor-col-50 elementor-inner-column elementor-element elementor-element-8d31622 elementor-invisible\" data-id=\"8d31622\" data-element_type=\"column\" data-settings=\"{&quot;animation&quot;:&quot;fadeIn&quot;}\">\n\t\t\t<div class=\"elementor-widget-wrap elementor-element-populated\">\n\t\t\t\t\t\t\t\t<div class=\"elementor-element elementor-element-f9bb32a elementor-widget elementor-widget-text-editor\" data-id=\"f9bb32a\" data-element_type=\"widget\" data-widget_type=\"text-editor.default\">\n\t\t\t\t<div class=\"elementor-widget-container\">\n\t\t\t\t\t\t\t<p>Geni\u015f \u00fcr\u00fcn yelpazemiz ile m\u00fc\u015fterilerimize daha kapsaml\u0131 bir \u00fcr\u00fcn skalas\u0131 sa\u011fl\u0131yoruz.<\/p><p>\u00dcretim a\u015famas\u0131nda s\u0131k\u0131 bir kalite kontrol\u00fcyle, en y\u00fcksek standartlar\u0131 sunuyoruz.<\/p>\t\t\t\t\t\t<\/div>\n\t\t\t\t<\/div>\n\t\t\t\t\t<\/div>\n\t\t<\/div>\n\t\t\t\t\t\t\t<\/div>\n\t\t<\/section>\n\t\t\t\t<section data-particle_enable=\"false\" data-particle-mobile-disabled=\"false\" class=\"elementor-section elementor-inner-section elementor-element elementor-element-b195580 elementor-section-full_width elementor-section-height-default elementor-section-height-default elementor-invisible\" data-id=\"b195580\" data-element_type=\"section\" data-settings=\"{&quot;animation&quot;:&quot;fadeIn&quot;,&quot;animation_delay&quot;:400}\">\n\t\t\t\t\t\t<div class=\"elementor-container elementor-column-gap-default\">\n\t\t\t\t\t<div class=\"elementor-column elementor-col-100 elementor-inner-column elementor-element elementor-element-dba9eff\" data-id=\"dba9eff\" data-element_type=\"column\">\n\t\t\t<div class=\"elementor-widget-wrap elementor-element-populated\">\n\t\t\t\t\t\t\t\t<div class=\"elementor-element elementor-element-ddedc16 elementor-widget elementor-widget-image\" data-id=\"ddedc16\" data-element_type=\"widget\" data-widget_type=\"image.default\">\n\t\t\t\t<div class=\"elementor-widget-container\">\n\t\t\t<style>\/*! elementor - v3.18.0 - 08-12-2023 *\/\n.elementor-widget-image{text-align:center}.elementor-widget-image a{display:inline-block}.elementor-widget-image a img[src$=\".svg\"]{width:48px}.elementor-widget-image img{vertical-align:middle;display:inline-block}<\/style>\t\t\t\t\t\t\t\t\t\t\t\t<img fetchpriority=\"high\" decoding=\"async\" width=\"1536\" height=\"864\" src=\"https:\/\/eryilmazlargroup.com.tr\/wp-content\/uploads\/2023\/12\/exports_1.36.1-1536x864.jpg\" class=\"attachment-1536x1536 size-1536x1536 wp-image-30450\" alt=\"\" srcset=\"https:\/\/eryilmazlargroup.com.tr\/wp-content\/uploads\/2023\/12\/exports_1.36.1-1536x864.jpg 1536w, https:\/\/eryilmazlargroup.com.tr\/wp-content\/uploads\/2023\/12\/exports_1.36.1-300x169.jpg 300w, https:\/\/eryilmazlargroup.com.tr\/wp-content\/uploads\/2023\/12\/exports_1.36.1-1024x576.jpg 1024w, https:\/\/eryilmazlargroup.com.tr\/wp-content\/uploads\/2023\/12\/exports_1.36.1-768x432.jpg 768w, https:\/\/eryilmazlargroup.com.tr\/wp-content\/uploads\/2023\/12\/exports_1.36.1-2048x1152.jpg 2048w\" sizes=\"(max-width: 1536px) 100vw, 1536px\" \/>\t\t\t\t\t\t\t\t\t\t\t\t\t\t\t<\/div>\n\t\t\t\t<\/div>\n\t\t\t\t<div class=\"elementor-element elementor-element-23a3c32 elementor-absolute elementor-widget elementor-widget-image\" data-id=\"23a3c32\" data-element_type=\"widget\" data-settings=\"{&quot;_position&quot;:&quot;absolute&quot;}\" data-widget_type=\"image.default\">\n\t\t\t\t<div class=\"elementor-widget-container\">\n\t\t\t\t\t\t\t\t\t\t\t\t\t\t\t<img decoding=\"async\" width=\"4096\" height=\"2734\" src=\"https:\/\/eryilmazlargroup.com.tr\/wp-content\/uploads\/2023\/09\/3o5iy35b.png\" class=\"attachment-full size-full wp-image-29755\" alt=\"\" srcset=\"https:\/\/eryilmazlargroup.com.tr\/wp-content\/uploads\/2023\/09\/3o5iy35b.png 4096w, https:\/\/eryilmazlargroup.com.tr\/wp-content\/uploads\/2023\/09\/3o5iy35b-300x200.png 300w, https:\/\/eryilmazlargroup.com.tr\/wp-content\/uploads\/2023\/09\/3o5iy35b-768x513.png 768w, https:\/\/eryilmazlargroup.com.tr\/wp-content\/uploads\/2023\/09\/3o5iy35b-1024x684.png 1024w, https:\/\/eryilmazlargroup.com.tr\/wp-content\/uploads\/2023\/09\/3o5iy35b-1536x1025.png 1536w, https:\/\/eryilmazlargroup.com.tr\/wp-content\/uploads\/2023\/09\/3o5iy35b-2048x1367.png 2048w\" sizes=\"(max-width: 4096px) 100vw, 4096px\" \/>\t\t\t\t\t\t\t\t\t\t\t\t\t\t\t<\/div>\n\t\t\t\t<\/div>\n\t\t\t\t<div class=\"elementor-element elementor-element-316a76d elementor-widget__width-auto elementor-absolute rotate elementor-widget elementor-widget-text-path\" data-id=\"316a76d\" data-element_type=\"widget\" data-settings=\"{&quot;text&quot;:&quot;ERYILMAZLAR GROUP - %100 KAL\\u0130TE - &quot;,&quot;align&quot;:&quot;center&quot;,&quot;_position&quot;:&quot;absolute&quot;,&quot;link&quot;:{&quot;url&quot;:&quot;&quot;,&quot;is_external&quot;:&quot;&quot;,&quot;nofollow&quot;:&quot;&quot;,&quot;custom_attributes&quot;:&quot;&quot;},&quot;start_point&quot;:{&quot;unit&quot;:&quot;%&quot;,&quot;size&quot;:0,&quot;sizes&quot;:[]}}\" data-widget_type=\"text-path.default\">\n\t\t\t\t<div class=\"elementor-widget-container\">\n\t\t\t\t\t<div class=\"e-text-path\" data-text=\"ERYILMAZLAR GROUP - %100 KAL\u0130TE - \" data-url=\"\/\/eryilmazlargroup.com.tr\/wp-content\/plugins\/elementor\/assets\/svg-paths\/circle.svg\" data-link-url=\"\"><\/div>\n\t\t\t\t<\/div>\n\t\t\t\t<\/div>\n\t\t\t\t<div class=\"elementor-element elementor-element-a426600 elementor-widget elementor-widget-html\" data-id=\"a426600\" data-element_type=\"widget\" data-widget_type=\"html.default\">\n\t\t\t\t<div class=\"elementor-widget-container\">\n\t\t\t<style>\n.rotate {\n animation: rotation 8s infinite linear;\n     }\n@keyframes rotation {\nfrom {\ntransform: rotate(0deg);\n}\nto {\ntransform: rotate(359deg);\n}\n}\n<\/style>\t\t<\/div>\n\t\t\t\t<\/div>\n\t\t\t\t\t<\/div>\n\t\t<\/div>\n\t\t\t\t\t\t\t<\/div>\n\t\t<\/section>\n\t\t\t\t\t<\/div>\n\t\t<\/div>\n\t\t\t\t\t\t\t<\/div>\n\t\t<\/section>\n\t\t\t\t<section data-particle_enable=\"false\" data-particle-mobile-disabled=\"false\" class=\"elementor-section elementor-top-section elementor-element elementor-element-7106575 elementor-section-height-full elementor-section-boxed elementor-section-height-default elementor-section-items-middle\" data-id=\"7106575\" data-element_type=\"section\" data-settings=\"{&quot;background_background&quot;:&quot;classic&quot;}\">\n\t\t\t\t\t\t<div class=\"elementor-container elementor-column-gap-default\">\n\t\t\t\t\t<div class=\"elementor-column elementor-col-100 elementor-top-column elementor-element elementor-element-7c609e7\" data-id=\"7c609e7\" data-element_type=\"column\">\n\t\t\t<div class=\"elementor-widget-wrap elementor-element-populated\">\n\t\t\t\t\t\t\t\t<div class=\"elementor-element elementor-element-9c4106d elementor-widget__width-auto elementor-widget elementor-widget-text-editor\" data-id=\"9c4106d\" data-element_type=\"widget\" data-widget_type=\"text-editor.default\">\n\t\t\t\t<div class=\"elementor-widget-container\">\n\t\t\t\t\t\t\t<p>\u00c7elikhane \u00dcretim S\u00fcreci<\/p>\t\t\t\t\t\t<\/div>\n\t\t\t\t<\/div>\n\t\t\t\t<div class=\"elementor-element elementor-element-b5eaff6 elementor-widget-mobile__width-inherit elementor-widget elementor-widget-text-editor\" data-id=\"b5eaff6\" data-element_type=\"widget\" data-widget_type=\"text-editor.default\">\n\t\t\t\t<div class=\"elementor-widget-container\">\n\t\t\t\t\t\t\tYakla\u015f\u0131k <span style=\"color: #9fa4a8;\">50.000 ton hurda<\/span> stoklayabilen hurda sahalar\u0131m\u0131z ve <span style=\"color: #9fa4a8;\">y\u0131ll\u0131k 750 bin ton k\u00fct\u00fck \u00fcretimi<\/span> yapabilen \u00e7elikhanelerimiz ile en y\u00fcksek standartlarda \u00e7elik \u00fcretmeye devam ediyoruz.\t\t\t\t\t\t<\/div>\n\t\t\t\t<\/div>\n\t\t\t\t<div class=\"elementor-element elementor-element-364b71c elementor-widget__width-initial elementor-widget-mobile__width-inherit elementor-widget elementor-widget-qi_addons_for_elementor_process\" data-id=\"364b71c\" data-element_type=\"widget\" data-widget_type=\"qi_addons_for_elementor_process.default\">\n\t\t\t\t<div class=\"elementor-widget-container\">\n\t\t\t<div class=\"qodef-shortcode qodef-m  qodef-qi-process  qodef-qi--has-appear qodef-qi-grid qodef-layout--qi-columns  qodef-col-num--5  qodef-item-layout--horizontal qodef-responsive--custom qodef-col-num--1440--3 qodef-col-num--1366--3 qodef-col-num--1024--3 qodef-col-num--768--3 qodef-col-num--680--1 qodef-col-num--480--1\">\n\t<div class=\"qodef-grid-inner\">\n\t\t<div class=\"qodef-e qodef-process-item qodef-grid-item elementor-repeater-item-eab629d\">\n\t<div class=\"qodef-e-inner\">\n\t\t<div class=\"qodef-e-content\">\n\t\t\t<div class=\"qodef-e-icon-holder\">\n\t<div class=\"qodef-e-icon\">\n\t\t\t\t\t<span class=\"qodef-e-item-icon-text\">\n\t\t\t\t1.\t\t\t<\/span>\n\t\t\t<\/div>\n\t<div class=\"qodef-e-line\">\n\t\t<div class=\"qodef-e-line-inner\"><\/div>\n\t<\/div>\n<\/div>\n\t\t\t\t<p class=\"qodef-e-title\">\n\t\tHurda\t<\/p>\n\t\t\t\t\t<\/div>\n\t<\/div>\n<\/div>\n<div class=\"qodef-e qodef-process-item qodef-grid-item elementor-repeater-item-cc35453\">\n\t<div class=\"qodef-e-inner\">\n\t\t<div class=\"qodef-e-content\">\n\t\t\t<div class=\"qodef-e-icon-holder\">\n\t<div class=\"qodef-e-icon\">\n\t\t\t\t\t<span class=\"qodef-e-item-icon-text\">\n\t\t\t\t2.\t\t\t<\/span>\n\t\t\t<\/div>\n\t<div class=\"qodef-e-line\">\n\t\t<div class=\"qodef-e-line-inner\"><\/div>\n\t<\/div>\n<\/div>\n\t\t\t\t<p class=\"qodef-e-title\">\n\t\t\u00c7elikhane\t<\/p>\n\t\t\t\t\t<\/div>\n\t<\/div>\n<\/div>\n<div class=\"qodef-e qodef-process-item qodef-grid-item elementor-repeater-item-a08ebeb\">\n\t<div class=\"qodef-e-inner\">\n\t\t<div class=\"qodef-e-content\">\n\t\t\t<div class=\"qodef-e-icon-holder\">\n\t<div class=\"qodef-e-icon\">\n\t\t\t\t\t<span class=\"qodef-e-item-icon-text\">\n\t\t\t\t3.\t\t\t<\/span>\n\t\t\t<\/div>\n\t<div class=\"qodef-e-line\">\n\t\t<div class=\"qodef-e-line-inner\"><\/div>\n\t<\/div>\n<\/div>\n\t\t\t\t<p class=\"qodef-e-title\">\n\t\tPota F\u0131r\u0131n\u0131\t<\/p>\n\t\t\t\t\t<\/div>\n\t<\/div>\n<\/div>\n<div class=\"qodef-e qodef-process-item qodef-grid-item elementor-repeater-item-db6780b\">\n\t<div class=\"qodef-e-inner\">\n\t\t<div class=\"qodef-e-content\">\n\t\t\t<div class=\"qodef-e-icon-holder\">\n\t<div class=\"qodef-e-icon\">\n\t\t\t\t\t<span class=\"qodef-e-item-icon-text\">\n\t\t\t\t4.\t\t\t<\/span>\n\t\t\t<\/div>\n\t<div class=\"qodef-e-line\">\n\t\t<div class=\"qodef-e-line-inner\"><\/div>\n\t<\/div>\n<\/div>\n\t\t\t\t<p class=\"qodef-e-title\">\n\t\tS\u00fcrekli K\u00fct\u00fck D\u00f6k\u00fcm\t<\/p>\n\t\t\t\t\t<\/div>\n\t<\/div>\n<\/div>\n<div class=\"qodef-e qodef-process-item qodef-grid-item elementor-repeater-item-f51643c\">\n\t<div class=\"qodef-e-inner\">\n\t\t<div class=\"qodef-e-content\">\n\t\t\t<div class=\"qodef-e-icon-holder\">\n\t<div class=\"qodef-e-icon\">\n\t\t\t\t\t<span class=\"qodef-e-item-icon-text\">\n\t\t\t\t5.\t\t\t<\/span>\n\t\t\t<\/div>\n\t<div class=\"qodef-e-line\">\n\t\t<div class=\"qodef-e-line-inner\"><\/div>\n\t<\/div>\n<\/div>\n\t\t\t\t<p class=\"qodef-e-title\">\n\t\tK\u00fct\u00fck\t<\/p>\n\t\t\t\t\t<\/div>\n\t<\/div>\n<\/div>\n\t<\/div>\n<\/div>\n\t\t<\/div>\n\t\t\t\t<\/div>\n\t\t\t\t\t<\/div>\n\t\t<\/div>\n\t\t\t\t\t\t\t<\/div>\n\t\t<\/section>\n\t\t\t\t<section data-particle_enable=\"false\" data-particle-mobile-disabled=\"false\" class=\"elementor-section elementor-top-section elementor-element elementor-element-76ca6f3 elementor-section-height-full elementor-section-boxed elementor-section-height-default elementor-section-items-middle\" data-id=\"76ca6f3\" data-element_type=\"section\" data-settings=\"{&quot;background_background&quot;:&quot;classic&quot;}\">\n\t\t\t\t\t\t\t<div class=\"elementor-background-overlay\"><\/div>\n\t\t\t\t\t\t\t<div class=\"elementor-container elementor-column-gap-default\">\n\t\t\t\t\t<div class=\"elementor-column elementor-col-100 elementor-top-column elementor-element elementor-element-f2937ed\" data-id=\"f2937ed\" data-element_type=\"column\">\n\t\t\t<div class=\"elementor-widget-wrap elementor-element-populated\">\n\t\t\t\t\t\t\t\t<div class=\"elementor-element elementor-element-9d0bb77 elementor-widget__width-auto elementor-widget elementor-widget-text-editor\" data-id=\"9d0bb77\" data-element_type=\"widget\" data-widget_type=\"text-editor.default\">\n\t\t\t\t<div class=\"elementor-widget-container\">\n\t\t\t\t\t\t\t<p>Haddehane \u00dcretim S\u00fcreci<\/p>\t\t\t\t\t\t<\/div>\n\t\t\t\t<\/div>\n\t\t\t\t<div class=\"elementor-element elementor-element-935ae29 elementor-widget-mobile__width-inherit elementor-widget elementor-widget-text-editor\" data-id=\"935ae29\" data-element_type=\"widget\" data-widget_type=\"text-editor.default\">\n\t\t\t\t<div class=\"elementor-widget-container\">\n\t\t\t\t\t\t\tY\u0131ll\u0131k <span style=\"color: #9fa4a8;\">700 bin ton nerv\u00fcrl\u00fc in\u015faat demiri<\/span> \u00fcretimi yapabilen haddehanelerimiz ile en y\u00fcksek standartlarda \u00e7elik \u00fcretmeye devam ediyoruz.\t\t\t\t\t\t<\/div>\n\t\t\t\t<\/div>\n\t\t\t\t<div class=\"elementor-element elementor-element-0f91f0c elementor-widget-mobile__width-inherit elementor-widget elementor-widget-qi_addons_for_elementor_process\" data-id=\"0f91f0c\" data-element_type=\"widget\" data-widget_type=\"qi_addons_for_elementor_process.default\">\n\t\t\t\t<div class=\"elementor-widget-container\">\n\t\t\t<div class=\"qodef-shortcode qodef-m  qodef-qi-process  qodef-qi--has-appear qodef-qi-grid qodef-layout--qi-columns  qodef-col-num--4  qodef-item-layout--horizontal qodef-responsive--custom qodef-col-num--1440--3 qodef-col-num--1366--3 qodef-col-num--1024--3 qodef-col-num--768--4 qodef-col-num--680--1 qodef-col-num--480--1\">\n\t<div class=\"qodef-grid-inner\">\n\t\t<div class=\"qodef-e qodef-process-item qodef-grid-item elementor-repeater-item-eab629d\">\n\t<div class=\"qodef-e-inner\">\n\t\t<div class=\"qodef-e-content\">\n\t\t\t<div class=\"qodef-e-icon-holder\">\n\t<div class=\"qodef-e-icon\">\n\t\t\t\t\t<span class=\"qodef-e-item-icon-text\">\n\t\t\t\t1.\t\t\t<\/span>\n\t\t\t<\/div>\n\t<div class=\"qodef-e-line\">\n\t\t<div class=\"qodef-e-line-inner\"><\/div>\n\t<\/div>\n<\/div>\n\t\t\t\t<p class=\"qodef-e-title\">\n\t\tK\u00fct\u00fck\t<\/p>\n\t\t\t\t\t<\/div>\n\t<\/div>\n<\/div>\n<div class=\"qodef-e qodef-process-item qodef-grid-item elementor-repeater-item-cc35453\">\n\t<div class=\"qodef-e-inner\">\n\t\t<div class=\"qodef-e-content\">\n\t\t\t<div class=\"qodef-e-icon-holder\">\n\t<div class=\"qodef-e-icon\">\n\t\t\t\t\t<span class=\"qodef-e-item-icon-text\">\n\t\t\t\t2.\t\t\t<\/span>\n\t\t\t<\/div>\n\t<div class=\"qodef-e-line\">\n\t\t<div class=\"qodef-e-line-inner\"><\/div>\n\t<\/div>\n<\/div>\n\t\t\t\t<p class=\"qodef-e-title\">\n\t\tTav F\u0131r\u0131n\u0131\t<\/p>\n\t\t\t\t\t<\/div>\n\t<\/div>\n<\/div>\n<div class=\"qodef-e qodef-process-item qodef-grid-item elementor-repeater-item-a08ebeb\">\n\t<div class=\"qodef-e-inner\">\n\t\t<div class=\"qodef-e-content\">\n\t\t\t<div class=\"qodef-e-icon-holder\">\n\t<div class=\"qodef-e-icon\">\n\t\t\t\t\t<span class=\"qodef-e-item-icon-text\">\n\t\t\t\t3.\t\t\t<\/span>\n\t\t\t<\/div>\n\t<div class=\"qodef-e-line\">\n\t\t<div class=\"qodef-e-line-inner\"><\/div>\n\t<\/div>\n<\/div>\n\t\t\t\t<p class=\"qodef-e-title\">\n\t\t\u00c7ubuk Hadde\t<\/p>\n\t\t\t\t\t<\/div>\n\t<\/div>\n<\/div>\n<div class=\"qodef-e qodef-process-item qodef-grid-item elementor-repeater-item-db6780b\">\n\t<div class=\"qodef-e-inner\">\n\t\t<div class=\"qodef-e-content\">\n\t\t\t<div class=\"qodef-e-icon-holder\">\n\t<div class=\"qodef-e-icon\">\n\t\t\t\t\t<span class=\"qodef-e-item-icon-text\">\n\t\t\t\t4.\t\t\t<\/span>\n\t\t\t<\/div>\n\t<div class=\"qodef-e-line\">\n\t\t<div class=\"qodef-e-line-inner\"><\/div>\n\t<\/div>\n<\/div>\n\t\t\t\t<p class=\"qodef-e-title\">\n\t\tNerv\u00fcrl\u00fc \u0130n\u015faat Demiri\t<\/p>\n\t\t\t\t\t<\/div>\n\t<\/div>\n<\/div>\n\t<\/div>\n<\/div>\n\t\t<\/div>\n\t\t\t\t<\/div>\n\t\t\t\t\t<\/div>\n\t\t<\/div>\n\t\t\t\t\t\t\t<\/div>\n\t\t<\/section>\n\t\t\t\t\t\t\t<\/div>\n\t\t","protected":false},"excerpt":{"rendered":"<p>\u00dcretim Y\u00fcksek Kaliteli \u00dcr\u00fcnler \u00dcretiyoruz. Geni\u015f \u00fcr\u00fcn yelpazemiz ile m\u00fc\u015fterilerimize daha kapsaml\u0131 bir \u00fcr\u00fcn skalas\u0131 sa\u011fl\u0131yoruz. \u00dcretim a\u015famas\u0131nda s\u0131k\u0131 bir kalite kontrol\u00fcyle, en y\u00fcksek standartlar\u0131 sunuyoruz. \u00c7elikhane \u00dcretim S\u00fcreci Yakla\u015f\u0131k 50.000 ton hurda stoklayabilen hurda sahalar\u0131m\u0131z ve y\u0131ll\u0131k 750 bin ton k\u00fct\u00fck \u00fcretimi yapabilen \u00e7elikhanelerimiz ile en y\u00fcksek standartlarda \u00e7elik \u00fcretmeye devam ediyoruz. 1. Hurda [&hellip;]<\/p>\n","protected":false},"author":1,"featured_media":0,"parent":0,"menu_order":0,"comment_status":"closed","ping_status":"closed","template":"page-templates\/template-full-width-page-without-header-title-second.php","meta":{"footnotes":""},"class_list":["post-29674","page","type-page","status-publish","hentry"],"_links":{"self":[{"href":"https:\/\/eryilmazlargroup.com.tr\/en\/wp-json\/wp\/v2\/pages\/29674","targetHints":{"allow":["GET"]}}],"collection":[{"href":"https:\/\/eryilmazlargroup.com.tr\/en\/wp-json\/wp\/v2\/pages"}],"about":[{"href":"https:\/\/eryilmazlargroup.com.tr\/en\/wp-json\/wp\/v2\/types\/page"}],"author":[{"embeddable":true,"href":"https:\/\/eryilmazlargroup.com.tr\/en\/wp-json\/wp\/v2\/users\/1"}],"replies":[{"embeddable":true,"href":"https:\/\/eryilmazlargroup.com.tr\/en\/wp-json\/wp\/v2\/comments?post=29674"}],"version-history":[{"count":0,"href":"https:\/\/eryilmazlargroup.com.tr\/en\/wp-json\/wp\/v2\/pages\/29674\/revisions"}],"wp:attachment":[{"href":"https:\/\/eryilmazlargroup.com.tr\/en\/wp-json\/wp\/v2\/media?parent=29674"}],"curies":[{"name":"wp","href":"https:\/\/api.w.org\/{rel}","templated":true}]}}