{"id":31434,"date":"2024-01-07T13:25:17","date_gmt":"2024-01-07T10:25:17","guid":{"rendered":"http:\/\/eryilmazlargroup.com.tr\/?page_id=31434"},"modified":"2024-01-09T21:39:20","modified_gmt":"2024-01-09T18:39:20","slug":"hakkimizda","status":"publish","type":"page","link":"https:\/\/eryilmazlargroup.com.tr\/en\/kurumsal\/hakkimizda\/","title":{"rendered":"About Us"},"content":{"rendered":"<div data-elementor-type=\"wp-page\" data-elementor-id=\"31434\" class=\"elementor elementor-31434\" data-elementor-post-type=\"page\">\n\t\t\t\t\t\t\t\t\t<section data-particle_enable=\"false\" data-particle-mobile-disabled=\"false\" class=\"elementor-section elementor-top-section elementor-element elementor-element-a09dbdf elementor-reverse-tablet elementor-reverse-mobile elementor-section-items-bottom elementor-section-height-min-height elementor-section-boxed elementor-section-height-default\" data-id=\"a09dbdf\" data-element_type=\"section\" data-settings=\"{&quot;background_background&quot;:&quot;classic&quot;}\">\n\t\t\t\t\t\t\t<div class=\"elementor-background-overlay\"><\/div>\n\t\t\t\t\t\t\t<div class=\"elementor-container elementor-column-gap-custom\">\n\t\t\t\t\t<div class=\"elementor-column elementor-col-100 elementor-top-column elementor-element elementor-element-b347e2a\" data-id=\"b347e2a\" data-element_type=\"column\" data-settings=\"{&quot;animation&quot;:&quot;none&quot;}\">\n\t\t\t<div class=\"elementor-widget-wrap elementor-element-populated\">\n\t\t\t\t\t\t\t\t<section data-particle_enable=\"false\" data-particle-mobile-disabled=\"false\" class=\"elementor-section elementor-inner-section elementor-element elementor-element-4a40c0b elementor-section-boxed elementor-section-height-default elementor-section-height-default\" data-id=\"4a40c0b\" data-element_type=\"section\">\n\t\t\t\t\t\t<div class=\"elementor-container elementor-column-gap-default\">\n\t\t\t\t\t<div class=\"elementor-column elementor-col-100 elementor-inner-column elementor-element elementor-element-6180e33\" data-id=\"6180e33\" data-element_type=\"column\">\n\t\t\t<div class=\"elementor-widget-wrap elementor-element-populated\">\n\t\t\t\t\t\t\t\t<div class=\"elementor-element elementor-element-a0251f1 elementor-widget__width-auto elementor-widget elementor-widget-text-editor\" data-id=\"a0251f1\" data-element_type=\"widget\" data-widget_type=\"text-editor.default\">\n\t\t\t\t<div class=\"elementor-widget-container\">\n\t\t\t<style>\/*! elementor - v3.18.0 - 08-12-2023 *\/\n.elementor-widget-text-editor.elementor-drop-cap-view-stacked .elementor-drop-cap{background-color:#69727d;color:#fff}.elementor-widget-text-editor.elementor-drop-cap-view-framed .elementor-drop-cap{color:#69727d;border:3px solid;background-color:transparent}.elementor-widget-text-editor:not(.elementor-drop-cap-view-default) .elementor-drop-cap{margin-top:8px}.elementor-widget-text-editor:not(.elementor-drop-cap-view-default) .elementor-drop-cap-letter{width:1em;height:1em}.elementor-widget-text-editor .elementor-drop-cap{float:left;text-align:center;line-height:1;font-size:50px}.elementor-widget-text-editor .elementor-drop-cap-letter{display:inline-block}<\/style>\t\t\t\t<p>About Us<\/p>\t\t\t\t\t\t<\/div>\n\t\t\t\t<\/div>\n\t\t\t\t\t<\/div>\n\t\t<\/div>\n\t\t\t\t\t\t\t<\/div>\n\t\t<\/section>\n\t\t\t\t\t<\/div>\n\t\t<\/div>\n\t\t\t\t\t\t\t<\/div>\n\t\t<\/section>\n\t\t\t\t<section data-particle_enable=\"false\" data-particle-mobile-disabled=\"false\" class=\"elementor-section elementor-top-section elementor-element elementor-element-db31839 elementor-section-full_width elementor-section-height-default elementor-section-height-default\" data-id=\"db31839\" data-element_type=\"section\" data-settings=\"{&quot;background_background&quot;:&quot;classic&quot;}\">\n\t\t\t\t\t\t\t<div class=\"elementor-background-overlay\"><\/div>\n\t\t\t\t\t\t\t<div class=\"elementor-container elementor-column-gap-default\">\n\t\t\t\t\t<div class=\"elementor-column elementor-col-100 elementor-top-column elementor-element elementor-element-75211c3\" data-id=\"75211c3\" data-element_type=\"column\" data-settings=\"{&quot;background_background&quot;:&quot;classic&quot;}\">\n\t\t\t<div class=\"elementor-widget-wrap elementor-element-populated\">\n\t\t\t\t\t\t\t\t<section data-particle_enable=\"false\" data-particle-mobile-disabled=\"false\" class=\"elementor-section elementor-inner-section elementor-element elementor-element-88b6fa4 elementor-section-boxed elementor-section-height-default elementor-section-height-default elementor-invisible\" data-id=\"88b6fa4\" data-element_type=\"section\" data-settings=\"{&quot;animation&quot;:&quot;fadeIn&quot;,&quot;animation_delay&quot;:50}\">\n\t\t\t\t\t\t<div class=\"elementor-container elementor-column-gap-default\">\n\t\t\t\t\t<div class=\"elementor-column elementor-col-100 elementor-inner-column elementor-element elementor-element-0e0325e\" data-id=\"0e0325e\" data-element_type=\"column\">\n\t\t\t<div class=\"elementor-widget-wrap elementor-element-populated\">\n\t\t\t\t\t\t\t\t<div class=\"elementor-element elementor-element-ec4df59 elementor-widget-mobile__width-inherit elementor-widget elementor-widget-text-editor\" data-id=\"ec4df59\" data-element_type=\"widget\" data-widget_type=\"text-editor.default\">\n\t\t\t\t<div class=\"elementor-widget-container\">\n\t\t\t\t\t\t\t<p>Our ethical values form the foundation of how we conduct our business. <span style=\"color: #9fa4a8;\">Transparency and integrity<\/span> in every step we take reflect our responsibility to society and the environment.<\/p>\t\t\t\t\t\t<\/div>\n\t\t\t\t<\/div>\n\t\t\t\t\t<\/div>\n\t\t<\/div>\n\t\t\t\t\t\t\t<\/div>\n\t\t<\/section>\n\t\t\t\t<section data-particle_enable=\"false\" data-particle-mobile-disabled=\"false\" class=\"elementor-section elementor-inner-section elementor-element elementor-element-1034036 elementor-section-boxed elementor-section-height-default elementor-section-height-default\" data-id=\"1034036\" data-element_type=\"section\">\n\t\t\t\t\t\t<div class=\"elementor-container elementor-column-gap-default\">\n\t\t\t\t\t<div class=\"elementor-column elementor-col-100 elementor-inner-column elementor-element elementor-element-b00fda4\" data-id=\"b00fda4\" data-element_type=\"column\">\n\t\t\t<div class=\"elementor-widget-wrap elementor-element-populated\">\n\t\t\t\t\t\t\t\t<div class=\"elementor-element elementor-element-4fa51f6 elementor-widget elementor-widget-qi_addons_for_elementor_timeline\" data-id=\"4fa51f6\" data-element_type=\"widget\" data-widget_type=\"qi_addons_for_elementor_timeline.default\">\n\t\t\t\t<div class=\"elementor-widget-container\">\n\t\t\t<div class=\"qodef-shortcode qodef-m  qodef-qi-timeline qodef-timeline--vertical  qodef-timeline-layout--vertical-separated qodef-line--outside qodef-point--standard  qodef-reverse-padding\">\n\t<div class=\"qodef-e qodef-e-item  elementor-repeater-item-2c4ec58 qodef-obverse\">\n\t<div class=\"qodef-e-line-holder\">\n\t\t<span class=\"qodef-e-line\"><\/span>\n\t<\/div>\n\t<div class=\"qodef-e-item-inner\">\n\t\t<div class=\"qodef-e-point-holder\">\n\t\t\t<div class=\"qodef-e-point\">\n\t\t\t\t\t\t\t<\/div>\n\t\t<\/div>\n\t\t<div class=\"qodef-e-side-holder\">\n\t\t\t<div class=\"qodef-e-image\">\n\t<img fetchpriority=\"high\" decoding=\"async\" width=\"2560\" height=\"1440\" src=\"https:\/\/eryilmazlargroup.com.tr\/wp-content\/uploads\/2024\/01\/exports_1.57.1-scaled-1-1.jpg\" class=\"attachment-full size-full\" alt=\"\" srcset=\"https:\/\/eryilmazlargroup.com.tr\/wp-content\/uploads\/2024\/01\/exports_1.57.1-scaled-1-1.jpg 2560w, https:\/\/eryilmazlargroup.com.tr\/wp-content\/uploads\/2024\/01\/exports_1.57.1-scaled-1-1-300x169.jpg 300w, https:\/\/eryilmazlargroup.com.tr\/wp-content\/uploads\/2024\/01\/exports_1.57.1-scaled-1-1-1024x576.jpg 1024w, https:\/\/eryilmazlargroup.com.tr\/wp-content\/uploads\/2024\/01\/exports_1.57.1-scaled-1-1-768x432.jpg 768w, https:\/\/eryilmazlargroup.com.tr\/wp-content\/uploads\/2024\/01\/exports_1.57.1-scaled-1-1-1536x864.jpg 1536w, https:\/\/eryilmazlargroup.com.tr\/wp-content\/uploads\/2024\/01\/exports_1.57.1-scaled-1-1-2048x1152.jpg 2048w\" sizes=\"(max-width: 2560px) 100vw, 2560px\" \/><\/div>\n\t\t<\/div>\n\t\t<div class=\"qodef-e-content-holder\">\n\t\t\t\t<div class=\"qodef-e-date\">\n\t\t2023\t<\/div>\n\t\t\t\t\t<h4 class=\"qodef-e-title\">\n\t\tOsmaniye Ery\u0131lmazlar Metallurgy\t\t<\/h4>\n\t\t\t\t\t<p class=\"qodef-e-text\">\n\t\tCommencement of operations as Ery\u0131lmazlar Metallurgy.\t<\/p>\n\t\t\t<\/div>\n\t<\/div>\n<\/div>\n<div class=\"qodef-e qodef-e-item  elementor-repeater-item-9e8456b qodef-reverse\">\n\t<div class=\"qodef-e-line-holder\">\n\t\t<span class=\"qodef-e-line\"><\/span>\n\t<\/div>\n\t<div class=\"qodef-e-item-inner\">\n\t\t<div class=\"qodef-e-point-holder\">\n\t\t\t<div class=\"qodef-e-point\">\n\t\t\t\t\t\t\t<\/div>\n\t\t<\/div>\n\t\t<div class=\"qodef-e-side-holder\">\n\t\t\t<div class=\"qodef-e-image\">\n\t<img decoding=\"async\" width=\"2560\" height=\"1440\" src=\"https:\/\/eryilmazlargroup.com.tr\/wp-content\/uploads\/2024\/01\/exports_1.54.1-scaled-1-1.jpg\" class=\"attachment-full size-full\" alt=\"\" srcset=\"https:\/\/eryilmazlargroup.com.tr\/wp-content\/uploads\/2024\/01\/exports_1.54.1-scaled-1-1.jpg 2560w, https:\/\/eryilmazlargroup.com.tr\/wp-content\/uploads\/2024\/01\/exports_1.54.1-scaled-1-1-300x169.jpg 300w, https:\/\/eryilmazlargroup.com.tr\/wp-content\/uploads\/2024\/01\/exports_1.54.1-scaled-1-1-1024x576.jpg 1024w, https:\/\/eryilmazlargroup.com.tr\/wp-content\/uploads\/2024\/01\/exports_1.54.1-scaled-1-1-768x432.jpg 768w, https:\/\/eryilmazlargroup.com.tr\/wp-content\/uploads\/2024\/01\/exports_1.54.1-scaled-1-1-1536x864.jpg 1536w, https:\/\/eryilmazlargroup.com.tr\/wp-content\/uploads\/2024\/01\/exports_1.54.1-scaled-1-1-2048x1152.jpg 2048w\" sizes=\"(max-width: 2560px) 100vw, 2560px\" \/><\/div>\n\t\t<\/div>\n\t\t<div class=\"qodef-e-content-holder\">\n\t\t\t\t<div class=\"qodef-e-date\">\n\t\t2020\t<\/div>\n\t\t\t\t\t<h4 class=\"qodef-e-title\">\n\t\tPayas Ery\u0131lmazlar Metallurgy\t\t<\/h4>\n\t\t\t\t\t<p class=\"qodef-e-text\">\n\t\tThe incorporation of Mega Demir \u00c7elik into our company as Ery\u0131lmazlar Metallurgy.\t<\/p>\n\t\t\t<\/div>\n\t<\/div>\n<\/div>\n<div class=\"qodef-e qodef-e-item  elementor-repeater-item-49c78bf qodef-obverse\">\n\t<div class=\"qodef-e-line-holder\">\n\t\t<span class=\"qodef-e-line\"><\/span>\n\t<\/div>\n\t<div class=\"qodef-e-item-inner\">\n\t\t<div class=\"qodef-e-point-holder\">\n\t\t\t<div class=\"qodef-e-point\">\n\t\t\t\t\t\t\t<\/div>\n\t\t<\/div>\n\t\t<div class=\"qodef-e-side-holder\">\n\t\t\t<div class=\"qodef-e-image\">\n\t<img decoding=\"async\" width=\"2560\" height=\"1440\" src=\"https:\/\/eryilmazlargroup.com.tr\/wp-content\/uploads\/2024\/01\/exports_2.22.1-scaled-1-1.jpg\" class=\"attachment-full size-full\" alt=\"\" srcset=\"https:\/\/eryilmazlargroup.com.tr\/wp-content\/uploads\/2024\/01\/exports_2.22.1-scaled-1-1.jpg 2560w, https:\/\/eryilmazlargroup.com.tr\/wp-content\/uploads\/2024\/01\/exports_2.22.1-scaled-1-1-300x169.jpg 300w, https:\/\/eryilmazlargroup.com.tr\/wp-content\/uploads\/2024\/01\/exports_2.22.1-scaled-1-1-1024x576.jpg 1024w, https:\/\/eryilmazlargroup.com.tr\/wp-content\/uploads\/2024\/01\/exports_2.22.1-scaled-1-1-768x432.jpg 768w, https:\/\/eryilmazlargroup.com.tr\/wp-content\/uploads\/2024\/01\/exports_2.22.1-scaled-1-1-1536x864.jpg 1536w, https:\/\/eryilmazlargroup.com.tr\/wp-content\/uploads\/2024\/01\/exports_2.22.1-scaled-1-1-2048x1152.jpg 2048w\" sizes=\"(max-width: 2560px) 100vw, 2560px\" \/><\/div>\n\t\t<\/div>\n\t\t<div class=\"qodef-e-content-holder\">\n\t\t\t\t<div class=\"qodef-e-date\">\n\t\t2012\t<\/div>\n\t\t\t\t\t<h4 class=\"qodef-e-title\">\n\t\tEry\u0131lmazlar Metal A.\u015e.\t\t<\/h4>\n\t\t\t\t\t<p class=\"qodef-e-text\">\n\t\tEry\u0131lmazlar Metal begins production of construction steel.\t<\/p>\n\t\t\t<\/div>\n\t<\/div>\n<\/div>\n<div class=\"qodef-e qodef-e-item  elementor-repeater-item-95ac191 qodef-reverse\">\n\t<div class=\"qodef-e-line-holder\">\n\t\t<span class=\"qodef-e-line\"><\/span>\n\t<\/div>\n\t<div class=\"qodef-e-item-inner\">\n\t\t<div class=\"qodef-e-point-holder\">\n\t\t\t<div class=\"qodef-e-point\">\n\t\t\t\t\t\t\t<\/div>\n\t\t<\/div>\n\t\t<div class=\"qodef-e-side-holder\">\n\t\t\t<div class=\"qodef-e-image\">\n\t<img loading=\"lazy\" decoding=\"async\" width=\"2560\" height=\"1440\" src=\"https:\/\/eryilmazlargroup.com.tr\/wp-content\/uploads\/2024\/01\/exports_1.60.1-scaled-1-1.jpg\" class=\"attachment-full size-full\" alt=\"\" srcset=\"https:\/\/eryilmazlargroup.com.tr\/wp-content\/uploads\/2024\/01\/exports_1.60.1-scaled-1-1.jpg 2560w, https:\/\/eryilmazlargroup.com.tr\/wp-content\/uploads\/2024\/01\/exports_1.60.1-scaled-1-1-300x169.jpg 300w, https:\/\/eryilmazlargroup.com.tr\/wp-content\/uploads\/2024\/01\/exports_1.60.1-scaled-1-1-1024x576.jpg 1024w, https:\/\/eryilmazlargroup.com.tr\/wp-content\/uploads\/2024\/01\/exports_1.60.1-scaled-1-1-768x432.jpg 768w, https:\/\/eryilmazlargroup.com.tr\/wp-content\/uploads\/2024\/01\/exports_1.60.1-scaled-1-1-1536x864.jpg 1536w, https:\/\/eryilmazlargroup.com.tr\/wp-content\/uploads\/2024\/01\/exports_1.60.1-scaled-1-1-2048x1152.jpg 2048w\" sizes=\"(max-width: 2560px) 100vw, 2560px\" \/><\/div>\n\t\t<\/div>\n\t\t<div class=\"qodef-e-content-holder\">\n\t\t\t\t<div class=\"qodef-e-date\">\n\t\t2011\t<\/div>\n\t\t\t\t\t<h4 class=\"qodef-e-title\">\n\t\tWarehouses and Branches\t\t<\/h4>\n\t\t\t\t\t<p class=\"qodef-e-text\">\n\t\tThe commencement of operations at our own warehouses and branches in the provinces of Kayseri, Ankara, and Izmir.\t<\/p>\n\t\t\t<\/div>\n\t<\/div>\n<\/div>\n<div class=\"qodef-e qodef-e-item  elementor-repeater-item-fab2b4d qodef-obverse\">\n\t<div class=\"qodef-e-line-holder\">\n\t\t<span class=\"qodef-e-line\"><\/span>\n\t<\/div>\n\t<div class=\"qodef-e-item-inner\">\n\t\t<div class=\"qodef-e-point-holder\">\n\t\t\t<div class=\"qodef-e-point\">\n\t\t\t\t\t\t\t<\/div>\n\t\t<\/div>\n\t\t<div class=\"qodef-e-side-holder\">\n\t\t\t<div class=\"qodef-e-image\">\n\t<img loading=\"lazy\" decoding=\"async\" width=\"2560\" height=\"1440\" src=\"https:\/\/eryilmazlargroup.com.tr\/wp-content\/uploads\/2024\/01\/exports_1.22.1-scaled-1-1.jpg\" class=\"attachment-full size-full\" alt=\"\" srcset=\"https:\/\/eryilmazlargroup.com.tr\/wp-content\/uploads\/2024\/01\/exports_1.22.1-scaled-1-1.jpg 2560w, https:\/\/eryilmazlargroup.com.tr\/wp-content\/uploads\/2024\/01\/exports_1.22.1-scaled-1-1-300x169.jpg 300w, https:\/\/eryilmazlargroup.com.tr\/wp-content\/uploads\/2024\/01\/exports_1.22.1-scaled-1-1-1024x576.jpg 1024w, https:\/\/eryilmazlargroup.com.tr\/wp-content\/uploads\/2024\/01\/exports_1.22.1-scaled-1-1-768x432.jpg 768w, https:\/\/eryilmazlargroup.com.tr\/wp-content\/uploads\/2024\/01\/exports_1.22.1-scaled-1-1-1536x864.jpg 1536w, https:\/\/eryilmazlargroup.com.tr\/wp-content\/uploads\/2024\/01\/exports_1.22.1-scaled-1-1-2048x1152.jpg 2048w\" sizes=\"(max-width: 2560px) 100vw, 2560px\" \/><\/div>\n\t\t<\/div>\n\t\t<div class=\"qodef-e-content-holder\">\n\t\t\t\t<div class=\"qodef-e-date\">\n\t\t1990 - 2011\t<\/div>\n\t\t\t\t\t<h4 class=\"qodef-e-title\">\n\t\tPetroleum - Logistics\t\t<\/h4>\n\t\t\t\t\t<p class=\"qodef-e-text\">\n\t\tBetween 1990 and 2011, significant petroleum and construction materials dealerships were acquired. Our logistics services commenced.\t<\/p>\n\t\t\t<\/div>\n\t<\/div>\n<\/div>\n<\/div>\n\t\t<\/div>\n\t\t\t\t<\/div>\n\t\t\t\t\t<\/div>\n\t\t<\/div>\n\t\t\t\t\t\t\t<\/div>\n\t\t<\/section>\n\t\t\t\t\t<\/div>\n\t\t<\/div>\n\t\t\t\t\t\t\t<\/div>\n\t\t<\/section>\n\t\t\t\t\t\t\t<\/div>","protected":false},"excerpt":{"rendered":"<p>Hakk\u0131m\u0131zda Etik de\u011ferlerimiz, i\u015f yap\u0131\u015f tarz\u0131m\u0131z\u0131n temelini olu\u015fturuyor. \u015eeffafl\u0131k, d\u00fcr\u00fcstl\u00fck her ad\u0131mda i\u015fimizi yaparken topluma ve \u00e7evreye kar\u015f\u0131 duydu\u011fumuz sorumlulu\u011fun bir yans\u0131mas\u0131d\u0131r. 2023 Osmaniye Ery\u0131lmazlar Metal\u00fcrji Ery\u0131lmazlar Metal\u00fcrji olarak faaliyetlere ba\u015flan\u0131lmas\u0131. 2020 Payas Ery\u0131lmazlar Metal\u00fcrji Mega Demir \u00c7elik firmas\u0131n\u0131n Ery\u0131lmazlar Metal\u00fcrji olarak b\u00fcnyemize kat\u0131lmas\u0131. 2012 Ery\u0131lmazlar Metal A.\u015e. Ery\u0131lmazlar Metal olarak in\u015faat demiri \u00fcretimine ba\u015flan\u0131lmas\u0131. [&hellip;]<\/p>\n","protected":false},"author":1,"featured_media":0,"parent":1551,"menu_order":0,"comment_status":"closed","ping_status":"closed","template":"page-templates\/template-full-width-page-without-header-title-second.php","meta":{"footnotes":""},"class_list":["post-31434","page","type-page","status-publish","hentry"],"_links":{"self":[{"href":"https:\/\/eryilmazlargroup.com.tr\/en\/wp-json\/wp\/v2\/pages\/31434","targetHints":{"allow":["GET"]}}],"collection":[{"href":"https:\/\/eryilmazlargroup.com.tr\/en\/wp-json\/wp\/v2\/pages"}],"about":[{"href":"https:\/\/eryilmazlargroup.com.tr\/en\/wp-json\/wp\/v2\/types\/page"}],"author":[{"embeddable":true,"href":"https:\/\/eryilmazlargroup.com.tr\/en\/wp-json\/wp\/v2\/users\/1"}],"replies":[{"embeddable":true,"href":"https:\/\/eryilmazlargroup.com.tr\/en\/wp-json\/wp\/v2\/comments?post=31434"}],"version-history":[{"count":0,"href":"https:\/\/eryilmazlargroup.com.tr\/en\/wp-json\/wp\/v2\/pages\/31434\/revisions"}],"up":[{"embeddable":true,"href":"https:\/\/eryilmazlargroup.com.tr\/en\/wp-json\/wp\/v2\/pages\/1551"}],"wp:attachment":[{"href":"https:\/\/eryilmazlargroup.com.tr\/en\/wp-json\/wp\/v2\/media?parent=31434"}],"curies":[{"name":"wp","href":"https:\/\/api.w.org\/{rel}","templated":true}]}}