{"id":31483,"date":"2024-01-07T15:19:26","date_gmt":"2024-01-07T12:19:26","guid":{"rendered":"http:\/\/eryilmazlargroup.com.tr\/?page_id=31483"},"modified":"2026-03-04T04:37:57","modified_gmt":"2026-03-04T01:37:57","slug":"baskanin-mesaji","status":"publish","type":"page","link":"https:\/\/eryilmazlargroup.com.tr\/en\/kurumsal\/baskanin-mesaji\/","title":{"rendered":"Message from the Chairman"},"content":{"rendered":"\t\t<div data-elementor-type=\"wp-page\" data-elementor-id=\"31483\" class=\"elementor elementor-31483\" data-elementor-post-type=\"page\">\n\t\t\t\t\t\t\t\t\t<section data-particle_enable=\"false\" data-particle-mobile-disabled=\"false\" class=\"elementor-section elementor-top-section elementor-element elementor-element-865d1e6 elementor-reverse-tablet elementor-reverse-mobile elementor-section-items-bottom elementor-section-height-min-height elementor-section-boxed elementor-section-height-default\" data-id=\"865d1e6\" data-element_type=\"section\" data-settings=\"{&quot;background_background&quot;:&quot;classic&quot;}\">\n\t\t\t\t\t\t\t<div class=\"elementor-background-overlay\"><\/div>\n\t\t\t\t\t\t\t<div class=\"elementor-container elementor-column-gap-custom\">\n\t\t\t\t\t<div class=\"elementor-column elementor-col-100 elementor-top-column elementor-element elementor-element-7bc5cd2f\" data-id=\"7bc5cd2f\" data-element_type=\"column\" data-settings=\"{&quot;animation&quot;:&quot;none&quot;}\">\n\t\t\t<div class=\"elementor-widget-wrap elementor-element-populated\">\n\t\t\t\t\t\t\t\t<section data-particle_enable=\"false\" data-particle-mobile-disabled=\"false\" class=\"elementor-section elementor-inner-section elementor-element elementor-element-283da3fb elementor-section-boxed elementor-section-height-default elementor-section-height-default\" data-id=\"283da3fb\" data-element_type=\"section\">\n\t\t\t\t\t\t<div class=\"elementor-container elementor-column-gap-default\">\n\t\t\t\t\t<div class=\"elementor-column elementor-col-100 elementor-inner-column elementor-element elementor-element-55dcee11\" data-id=\"55dcee11\" data-element_type=\"column\">\n\t\t\t<div class=\"elementor-widget-wrap elementor-element-populated\">\n\t\t\t\t\t\t\t\t<div class=\"elementor-element elementor-element-615abf44 elementor-widget__width-auto elementor-widget elementor-widget-text-editor\" data-id=\"615abf44\" data-element_type=\"widget\" data-widget_type=\"text-editor.default\">\n\t\t\t\t<div class=\"elementor-widget-container\">\n\t\t\t<style>\/*! elementor - v3.18.0 - 08-12-2023 *\/\n.elementor-widget-text-editor.elementor-drop-cap-view-stacked .elementor-drop-cap{background-color:#69727d;color:#fff}.elementor-widget-text-editor.elementor-drop-cap-view-framed .elementor-drop-cap{color:#69727d;border:3px solid;background-color:transparent}.elementor-widget-text-editor:not(.elementor-drop-cap-view-default) .elementor-drop-cap{margin-top:8px}.elementor-widget-text-editor:not(.elementor-drop-cap-view-default) .elementor-drop-cap-letter{width:1em;height:1em}.elementor-widget-text-editor .elementor-drop-cap{float:left;text-align:center;line-height:1;font-size:50px}.elementor-widget-text-editor .elementor-drop-cap-letter{display:inline-block}<\/style>\t\t\t\t<p>Ba\u015fkan\u0131n Mesaj\u0131<\/p>\t\t\t\t\t\t<\/div>\n\t\t\t\t<\/div>\n\t\t\t\t\t<\/div>\n\t\t<\/div>\n\t\t\t\t\t\t\t<\/div>\n\t\t<\/section>\n\t\t\t\t\t<\/div>\n\t\t<\/div>\n\t\t\t\t\t\t\t<\/div>\n\t\t<\/section>\n\t\t\t\t<section data-particle_enable=\"false\" data-particle-mobile-disabled=\"false\" class=\"elementor-section elementor-top-section elementor-element elementor-element-fc8d825 elementor-section-boxed elementor-section-height-default elementor-section-height-default\" data-id=\"fc8d825\" data-element_type=\"section\" data-settings=\"{&quot;background_background&quot;:&quot;classic&quot;}\">\n\t\t\t\t\t\t\t<div class=\"elementor-background-overlay\"><\/div>\n\t\t\t\t\t\t\t<div class=\"elementor-container elementor-column-gap-default\">\n\t\t\t\t\t<div class=\"elementor-column elementor-col-100 elementor-top-column elementor-element elementor-element-7ac17f4\" data-id=\"7ac17f4\" data-element_type=\"column\" data-settings=\"{&quot;background_background&quot;:&quot;classic&quot;}\">\n\t\t\t<div class=\"elementor-widget-wrap elementor-element-populated\">\n\t\t\t\t\t\t\t\t<div class=\"elementor-element elementor-element-4e25d7d7 elementor-widget elementor-widget-image\" data-id=\"4e25d7d7\" data-element_type=\"widget\" data-widget_type=\"image.default\">\n\t\t\t\t<div class=\"elementor-widget-container\">\n\t\t\t<style>\/*! elementor - v3.18.0 - 08-12-2023 *\/\n.elementor-widget-image{text-align:center}.elementor-widget-image a{display:inline-block}.elementor-widget-image a img[src$=\".svg\"]{width:48px}.elementor-widget-image img{vertical-align:middle;display:inline-block}<\/style>\t\t\t\t\t\t\t\t\t\t\t\t<img fetchpriority=\"high\" decoding=\"async\" width=\"256\" height=\"256\" src=\"https:\/\/eryilmazlargroup.com.tr\/wp-content\/uploads\/2024\/01\/blocks-with-angled-cuts.png\" class=\"attachment-large size-large wp-image-31335\" alt=\"\" srcset=\"https:\/\/eryilmazlargroup.com.tr\/wp-content\/uploads\/2024\/01\/blocks-with-angled-cuts.png 256w, https:\/\/eryilmazlargroup.com.tr\/wp-content\/uploads\/2024\/01\/blocks-with-angled-cuts-150x150.png 150w\" sizes=\"(max-width: 256px) 100vw, 256px\" \/>\t\t\t\t\t\t\t\t\t\t\t\t\t\t\t<\/div>\n\t\t\t\t<\/div>\n\t\t\t\t<div class=\"elementor-element elementor-element-5fc7a240 elementor-widget elementor-widget-qi_addons_for_elementor_typeout_text\" data-id=\"5fc7a240\" data-element_type=\"widget\" data-widget_type=\"qi_addons_for_elementor_typeout_text.default\">\n\t\t\t\t<div class=\"elementor-widget-container\">\n\t\t\t<div class=\"qodef-shortcode qodef-m  qodef-qi-typeout-text\" data-strings=\"[&quot;...&quot;]\" data-cursor=\"|\">\n\t<p class=\"qodef-m-text\">\n\t\t\t\t\tM\u00fckemmelli\u011fin 33 y\u0131la yay\u0131lan <br>miras\u0131 ile geli\u015fiyoruz\t\t\t\t<span class=\"qodef-typeout-holder\">\n\t\t\t<span class=\"qodef-typeout\"><\/span>\n\t\t<\/span>\n\t<\/p>\n<\/div>\n\t\t<\/div>\n\t\t\t\t<\/div>\n\t\t\t\t<section data-particle_enable=\"false\" data-particle-mobile-disabled=\"false\" class=\"elementor-section elementor-inner-section elementor-element elementor-element-06e64a8 elementor-section-boxed elementor-section-height-default elementor-section-height-default\" data-id=\"06e64a8\" data-element_type=\"section\">\n\t\t\t\t\t\t<div class=\"elementor-container elementor-column-gap-default\">\n\t\t\t\t\t<div class=\"elementor-column elementor-col-50 elementor-inner-column elementor-element elementor-element-36a9dc0\" data-id=\"36a9dc0\" data-element_type=\"column\">\n\t\t\t<div class=\"elementor-widget-wrap elementor-element-populated\">\n\t\t\t\t\t\t\t\t<div class=\"elementor-element elementor-element-3a94a6f elementor-widget elementor-widget-image\" data-id=\"3a94a6f\" data-element_type=\"widget\" data-widget_type=\"image.default\">\n\t\t\t\t<div class=\"elementor-widget-container\">\n\t\t\t\t\t\t\t\t\t\t\t\t\t\t\t<img decoding=\"async\" width=\"683\" height=\"1024\" src=\"https:\/\/eryilmazlargroup.com.tr\/wp-content\/uploads\/2024\/02\/huseyin-eryilmaz.jpg\" class=\"attachment-large size-large wp-image-32180\" alt=\"\" srcset=\"https:\/\/eryilmazlargroup.com.tr\/wp-content\/uploads\/2024\/02\/huseyin-eryilmaz.jpg 683w, https:\/\/eryilmazlargroup.com.tr\/wp-content\/uploads\/2024\/02\/huseyin-eryilmaz-200x300.jpg 200w\" sizes=\"(max-width: 683px) 100vw, 683px\" \/>\t\t\t\t\t\t\t\t\t\t\t\t\t\t\t<\/div>\n\t\t\t\t<\/div>\n\t\t\t\t\t<\/div>\n\t\t<\/div>\n\t\t\t\t<div class=\"elementor-column elementor-col-50 elementor-inner-column elementor-element elementor-element-fb21844\" data-id=\"fb21844\" data-element_type=\"column\">\n\t\t\t<div class=\"elementor-widget-wrap elementor-element-populated\">\n\t\t\t\t\t\t\t\t<div class=\"elementor-element elementor-element-2739dc1 elementor-widget elementor-widget-text-editor\" data-id=\"2739dc1\" data-element_type=\"widget\" data-widget_type=\"text-editor.default\">\n\t\t\t\t<div class=\"elementor-widget-container\">\n\t\t\t\t\t\t\t<div class=\"page__details\"><div class=\"page__content\"><div class=\"standard__editor -animate -done\"><p>Say\u0131n Payda\u015flar\u0131m\u0131z ve De\u011ferli \u0130\u015f Ortaklar\u0131m\u0131z,<\/p><p>T\u00fcrkiye&#8217;de demir \u00e7elik sekt\u00f6r\u00fcnde hizmet veren firmam\u0131z, \u00e7elikhaneleri, haddehaneleri ve \u015fubeleriyle birlikte, 700&#8217;\u00fcn \u00fczerinde \u00e7al\u0131\u015fan\u0131yla, g\u00fc\u00e7l\u00fc bir ekonomik akt\u00f6r olma misyonunu s\u00fcrd\u00fcrmektedir.<\/p><p>Son y\u0131llarda ya\u015fanan k\u00fcresel pandemi, sekt\u00f6rel, toplumsal ve ekonomik dengelerde \u00f6nemli de\u011fi\u015fikliklere neden oldu. Ancak biz, bu zorlu s\u00fcre\u00e7leri f\u0131rsata \u00e7evirme vizyonuyla hareket ederek, yeni yat\u0131r\u0131m hedeflerimize odaklanm\u0131\u015f bulunmaktay\u0131z. Hedefimiz, pandeminin yaratt\u0131\u011f\u0131 zorluklara ve k\u00fcresel ekonomik dalgalanmalara ra\u011fmen y\u0131ll\u0131k ortalama y\u00fczde 15 b\u00fcy\u00fcme sa\u011flamak, b\u00f6ylece sekt\u00f6rdeki \u00f6nemli pozisyonumuzu daha da g\u00fc\u00e7lendirmektir.<\/p><p>Firmam\u0131z\u0131n ba\u015far\u0131s\u0131n\u0131n temelinde insan odakl\u0131 de\u011ferler ve kurumsal y\u00f6netim ilkeleri yatmaktad\u0131r. \u00c7al\u0131\u015fanlar\u0131m\u0131z\u0131n refah\u0131, g\u00fcvenli\u011fi ve geli\u015fimi her zaman \u00f6nceli\u011fimiz olmu\u015ftur. Bu de\u011ferlere olan ba\u011fl\u0131l\u0131\u011f\u0131m\u0131z, sadece i\u00e7 i\u015fleyi\u015fimizi de\u011fil, ayn\u0131 zamanda m\u00fc\u015fteri memnuniyetini de art\u0131rmaktad\u0131r.<\/p><p>S\u00fcrd\u00fcr\u00fclebilirlik anlay\u0131\u015f\u0131m\u0131z, \u00e7evreye sayg\u0131l\u0131 uygulamalar\u0131 i\u00e7ermekte ve gelecek nesillere daha ya\u015fanabilir bir d\u00fcnya b\u0131rakma sorumlulu\u011funu ta\u015f\u0131maktad\u0131r. Bu do\u011frultuda, teknolojiye verdi\u011fimiz \u00f6nemle \u00e7evre dostu \u00fcretim s\u00fcre\u00e7leri ve enerji verimlili\u011fi konular\u0131nda yat\u0131r\u0131mlar\u0131m\u0131z\u0131 s\u00fcrd\u00fcrmekteyiz.<\/p><p>T\u00fcm bu noktalarda, i\u015f ortaklar\u0131m\u0131za ve payda\u015flar\u0131m\u0131za olan minnettarl\u0131\u011f\u0131m\u0131z\u0131 ifade etmek isteriz. Sizlerle birlikte daha g\u00fc\u00e7l\u00fc ve s\u00fcrd\u00fcr\u00fclebilir bir gelece\u011fe ula\u015fmak ad\u0131na yola \u00e7\u0131kt\u0131k. \u0130\u015f birli\u011fimizin daha da g\u00fc\u00e7lenerek devam edece\u011fine inan\u0131yor, katk\u0131lar\u0131n\u0131z i\u00e7in te\u015fekk\u00fcr ediyoruz.<\/p><p>Sayg\u0131lar\u0131mla,<\/p><p><strong>H\u00fcseyin ERYILMAZ<\/strong><br \/>Ery\u0131lmazlar Group<br \/>Y\u00f6netim Kurulu Ba\u015fkan\u0131<\/p><\/div><\/div><\/div>\t\t\t\t\t\t<\/div>\n\t\t\t\t<\/div>\n\t\t\t\t\t<\/div>\n\t\t<\/div>\n\t\t\t\t\t\t\t<\/div>\n\t\t<\/section>\n\t\t\t\t\t<\/div>\n\t\t<\/div>\n\t\t\t\t\t\t\t<\/div>\n\t\t<\/section>\n\t\t\t\t\t\t\t<\/div>\n\t\t","protected":false},"excerpt":{"rendered":"<p>Ba\u015fkan\u0131n Mesaj\u0131 M\u00fckemmelli\u011fin 33 y\u0131la yay\u0131lan miras\u0131 ile geli\u015fiyoruz Say\u0131n Payda\u015flar\u0131m\u0131z ve De\u011ferli \u0130\u015f Ortaklar\u0131m\u0131z, T\u00fcrkiye&#8217;de demir \u00e7elik sekt\u00f6r\u00fcnde hizmet veren firmam\u0131z, \u00e7elikhaneleri, haddehaneleri ve \u015fubeleriyle birlikte, 700&#8217;\u00fcn \u00fczerinde \u00e7al\u0131\u015fan\u0131yla, g\u00fc\u00e7l\u00fc bir ekonomik akt\u00f6r olma misyonunu s\u00fcrd\u00fcrmektedir. Son y\u0131llarda ya\u015fanan k\u00fcresel pandemi, sekt\u00f6rel, toplumsal ve ekonomik dengelerde \u00f6nemli de\u011fi\u015fikliklere neden oldu. Ancak biz, bu zorlu [&hellip;]<\/p>\n","protected":false},"author":1,"featured_media":0,"parent":1551,"menu_order":0,"comment_status":"closed","ping_status":"closed","template":"page-templates\/template-full-width-page-without-header-title-second.php","meta":{"footnotes":""},"class_list":["post-31483","page","type-page","status-publish","hentry"],"_links":{"self":[{"href":"https:\/\/eryilmazlargroup.com.tr\/en\/wp-json\/wp\/v2\/pages\/31483","targetHints":{"allow":["GET"]}}],"collection":[{"href":"https:\/\/eryilmazlargroup.com.tr\/en\/wp-json\/wp\/v2\/pages"}],"about":[{"href":"https:\/\/eryilmazlargroup.com.tr\/en\/wp-json\/wp\/v2\/types\/page"}],"author":[{"embeddable":true,"href":"https:\/\/eryilmazlargroup.com.tr\/en\/wp-json\/wp\/v2\/users\/1"}],"replies":[{"embeddable":true,"href":"https:\/\/eryilmazlargroup.com.tr\/en\/wp-json\/wp\/v2\/comments?post=31483"}],"version-history":[{"count":15,"href":"https:\/\/eryilmazlargroup.com.tr\/en\/wp-json\/wp\/v2\/pages\/31483\/revisions"}],"predecessor-version":[{"id":32566,"href":"https:\/\/eryilmazlargroup.com.tr\/en\/wp-json\/wp\/v2\/pages\/31483\/revisions\/32566"}],"up":[{"embeddable":true,"href":"https:\/\/eryilmazlargroup.com.tr\/en\/wp-json\/wp\/v2\/pages\/1551"}],"wp:attachment":[{"href":"https:\/\/eryilmazlargroup.com.tr\/en\/wp-json\/wp\/v2\/media?parent=31483"}],"curies":[{"name":"wp","href":"https:\/\/api.w.org\/{rel}","templated":true}]}}